{"id":1605,"date":"2022-11-22T12:16:41","date_gmt":"2022-11-22T11:16:41","guid":{"rendered":"http:\/\/cf-physiotherapie.at\/?page_id=1605"},"modified":"2025-07-14T09:46:07","modified_gmt":"2025-07-14T07:46:07","slug":"kontakt-informationen","status":"publish","type":"page","link":"https:\/\/cf-physiotherapie.at\/?page_id=1605","title":{"rendered":"Kontakt &#038; Informationen"},"content":{"rendered":"<div data-colibri-id=\"1605-c1\" class=\"style-418 style-local-1605-c1 position-relative\">\n  <!---->\n  <div data-colibri-component=\"section\" data-colibri-id=\"1605-c2\" id=\"content\" class=\"h-section h-section-global-spacing d-flex align-items-lg-center align-items-md-center align-items-center style-419 style-local-1605-c2 position-relative\">\n    <!---->\n    <!---->\n    <div class=\"h-section-grid-container h-section-fluid-container\">\n      <!---->\n      <div data-colibri-id=\"1605-c3\" class=\"h-row-container gutters-row-lg-0 gutters-row-md-0 gutters-row-2 gutters-row-v-lg-0 gutters-row-v-md-0 gutters-row-v-2 style-420 style-local-1605-c3 position-relative\">\n        <!---->\n        <div class=\"h-row justify-content-lg-center justify-content-md-center justify-content-center align-items-lg-stretch align-items-md-stretch align-items-stretch gutters-col-lg-0 gutters-col-md-0 gutters-col-2 gutters-col-v-lg-0 gutters-col-v-md-0 gutters-col-v-2\">\n          <!---->\n          <div class=\"h-column h-column-container d-flex h-col-lg-auto h-col-md-auto h-col-auto style-421-outer style-local-1605-c4-outer\">\n            <div data-colibri-id=\"1605-c4\" class=\"d-flex h-flex-basis h-column__inner h-px-lg-0 h-px-md-0 h-px-0 v-inner-lg-0 v-inner-md-0 v-inner-0 style-421 style-local-1605-c4 position-relative\">\n              <!---->\n              <!---->\n              <div class=\"w-100 h-y-container h-column__content h-column__v-align flex-basis-100 align-self-lg-start align-self-md-start align-self-start\">\n                <!---->\n                <div data-colibri-id=\"1605-c5\" class=\"h-global-transition-all h-heading style-423 style-local-1605-c5 position-relative h-element\">\n                  <!---->\n                  <div class=\"h-heading__outer style-423 style-local-1605-c5\">\n                    <!---->\n                    <!---->\n                    <h4 class=\"\">Allgemeine Informationen:<\/h4>\n                  <\/div>\n                <\/div>\n                <div data-colibri-id=\"1605-c6\" class=\"h-text h-text-component style-424 style-local-1605-c6 position-relative h-element\">\n                  <!---->\n                  <!---->\n                  <div class=\"\">\n                    <ul>\n                      <li>Wahltherapeutin aller Kassen<\/li>\n                      <li>Rechnungen k\u00f6nnen nach Bezahlung beim jeweiligen Sozialversicherungstr\u00e4ger eingereicht werden f\u00fcr anteilige R\u00fcckverg\u00fctung\n                        <br>\n                      <\/li>\n                      <li>Termin\u00e4nderungen bzw. Absagen bis 48 Stunden vor den jeweiligen Terminen sind kostenfrei<\/li>\n                    <\/ul>\n                    <p>\n                      <br>\n                    <\/p>\n                  <\/div>\n                <\/div>\n                <div data-colibri-id=\"1605-c7\" class=\"h-row-container gutters-row-lg-2 gutters-row-md-2 gutters-row-0 gutters-row-v-lg-2 gutters-row-v-md-2 gutters-row-v-0 style-425 style-local-1605-c7 position-relative\">\n                  <!---->\n                  <div class=\"h-row justify-content-lg-center justify-content-md-center justify-content-center align-items-lg-stretch align-items-md-stretch align-items-stretch gutters-col-lg-2 gutters-col-md-2 gutters-col-0 gutters-col-v-lg-2 gutters-col-v-md-2 gutters-col-v-0\">\n                    <!---->\n                    <div class=\"h-column h-column-container d-flex h-col-lg-12 h-col-md-12 h-col-6 style-426-outer style-local-1605-c8-outer\">\n                      <div data-colibri-id=\"1605-c8\" class=\"d-flex h-flex-basis h-column__inner h-px-lg-0 h-px-md-0 h-px-0 v-inner-lg-0 v-inner-md-0 v-inner-0 style-426 style-local-1605-c8 position-relative\">\n                        <!---->\n                        <!---->\n                        <div class=\"w-100 h-y-container h-column__content h-column__v-align flex-basis-100 align-self-lg-start align-self-md-start align-self-start\">\n                          <!---->\n                          <div data-colibri-id=\"1605-c9\" class=\"h-global-transition-all h-heading style-430 style-local-1605-c9 position-relative h-element\">\n                            <!---->\n                            <div class=\"h-heading__outer style-430 style-local-1605-c9\">\n                              <!---->\n                              <!---->\n                              <h4 class=\"\">Zur ersten Therapieeinheit bitte mitbringen:<\/h4>\n                            <\/div>\n                          <\/div>\n                          <div data-colibri-id=\"1605-c10\" class=\"h-text h-text-component style-431 style-local-1605-c10 position-relative h-element\">\n                            <!---->\n                            <!---->\n                            <div class=\"\">\n                              <ul>\n                                <li>Verordnungsschein<\/li>\n                                <li>Aktuelle Befunde (sofern vorhanden)<\/li>\n                                <li>Ein Leintuch, sowie Handtuch stelle ich zur Verf\u00fcgung\n                                  <br>\n                                <\/li>\n                              <\/ul>\n                              <p>\n                                <br>\n                              <\/p>\n                            <\/div>\n                          <\/div>\n                        <\/div>\n                      <\/div>\n                    <\/div>\n                  <\/div>\n                <\/div>\n              <\/div>\n            <\/div>\n          <\/div>\n          <div class=\"h-column h-column-container d-flex h-col-lg-auto h-col-md-auto h-col-auto style-429-outer style-local-1605-c11-outer\">\n            <div data-colibri-id=\"1605-c11\" class=\"d-flex h-flex-basis h-column__inner h-ui-empty-state-container h-px-lg-0 h-px-md-0 h-px-0 v-inner-lg-0 v-inner-md-0 v-inner-0 style-429 style-local-1605-c11 position-relative\">\n              <!---->\n              <!---->\n              <div class=\"w-100 h-y-container h-column__content h-column__v-align flex-basis-100\">\n                <!---->\n              <\/div>\n            <\/div>\n          <\/div>\n        <\/div>\n      <\/div>\n    <\/div>\n  <\/div>\n  <div data-colibri-component=\"section\" data-colibri-id=\"1605-c12\" id=\"contact\" class=\"h-section h-section-global-spacing d-flex align-items-lg-center align-items-md-center align-items-center style-432 style-local-1605-c12 position-relative\">\n    <!---->\n    <!---->\n    <div class=\"h-section-grid-container h-section-boxed-container\">\n      <!---->\n      <div data-colibri-id=\"1605-c13\" class=\"h-row-container gutters-row-lg-2 gutters-row-md-2 gutters-row-2 gutters-row-v-lg-2 gutters-row-v-md-2 gutters-row-v-2 style-433 style-local-1605-c13 position-relative\">\n        <!---->\n        <div class=\"h-row justify-content-lg-center justify-content-md-center justify-content-center align-items-lg-stretch align-items-md-stretch align-items-stretch gutters-col-lg-2 gutters-col-md-2 gutters-col-2 gutters-col-v-lg-2 gutters-col-v-md-2 gutters-col-v-2\">\n          <!---->\n          <div class=\"h-column h-column-container d-flex h-col-lg-4 h-col-md-3 h-col-12 style-434-outer style-local-1605-c14-outer\">\n            <div data-colibri-id=\"1605-c14\" class=\"d-flex h-flex-basis h-column__inner h-px-lg-0 h-px-md-0 h-px-0 v-inner-lg-0 v-inner-md-0 v-inner-0 style-434 style-local-1605-c14 position-relative\">\n              <!---->\n              <!---->\n              <div class=\"w-100 h-y-container h-column__content h-column__v-align flex-basis-100 align-self-lg-start align-self-md-start align-self-start\">\n                <!---->\n                <div data-colibri-id=\"1605-c15\" class=\"h-icon style-435 style-local-1605-c15 position-relative h-element\">\n                  <!----><span class=\"h-svg-icon h-icon__icon style-435-icon style-local-1605-c15-icon\"><!--Icon by Icons8 Line Awesome (https:\/\/icons8.com\/line-awesome)--><svg version=\"1.1\" xmlns=\"http:\/\/www.w3.org\/2000\/svg\" xmlns:xlink=\"http:\/\/www.w3.org\/1999\/xlink\" id=\"map-marker\" viewBox=\"0 0 512 545.5\"><path d=\"M256 80c79.336 0 144 64.664 144 144 0 22.5-9.116 48.313-21.5 76.5s-28.314 58.098-44.5 86C301.628 442.306 269 489 269 489l-13 19-13-19s-32.628-46.694-65-102.5c-16.186-27.902-32.116-57.813-44.5-86S112 246.5 112 224c0-79.336 64.664-144 144-144zm0 32c-62.04 0-112 49.96-112 112 0 12.844 6.884 37.06 18.5 63.5s27.686 55.738 43.5 83c25.155 43.364 40.74 66.3 50 80 9.26-13.7 24.845-36.636 50-80 15.815-27.262 31.884-56.56 43.5-83S368 236.844 368 224c0-62.04-49.96-112-112-112zm0 80c17.673 0 32 14.327 32 32s-14.327 32-32 32-32-14.327-32-32 14.327-32 32-32z\"><\/path><\/svg><\/span><\/div>\n                <div\n                  data-colibri-id=\"1605-c16\" class=\"h-global-transition-all h-heading style-436 style-local-1605-c16 position-relative h-element\">\n                  <!---->\n                  <div class=\"h-heading__outer style-436 style-local-1605-c16\">\n                    <!---->\n                    <!---->\n                    <h4 class=\"\">Praxis<\/h4>\n                  <\/div>\n              <\/div>\n              <div data-colibri-id=\"1605-c17\" class=\"h-divider style-437 style-local-1605-c17 position-relative h-element\">\n                <!----><span class=\"h-divider__line style-437-line style-local-1605-c17-line style-437-line style-local-1605-c17-line\"><\/span><\/div>\n              <div data-colibri-id=\"1605-c18\" class=\"h-text h-text-component style-438 style-local-1605-c18 position-relative h-element\">\n                <!---->\n                <!---->\n                <div class=\"\">\n                  <p>THERAPIE+\n                    <br>Mildenburggasse 6a\n                    <br>5020 Salzburg<\/p>\n                <\/div>\n              <\/div>\n            <\/div>\n          <\/div>\n        <\/div>\n        <div class=\"h-column h-column-container d-flex h-col-lg-4 h-col-md-3 h-col-12 style-434-outer style-local-1605-c19-outer\">\n          <div data-colibri-id=\"1605-c19\" class=\"d-flex h-flex-basis h-column__inner h-px-lg-0 h-px-md-0 h-px-0 v-inner-lg-0 v-inner-md-0 v-inner-0 style-434 style-local-1605-c19 position-relative\">\n            <!---->\n            <!---->\n            <div class=\"w-100 h-y-container h-column__content h-column__v-align flex-basis-100 align-self-lg-start align-self-md-start align-self-start\">\n              <!---->\n              <div data-colibri-id=\"1605-c20\" class=\"h-icon style-435 style-local-1605-c20 position-relative h-element\">\n                <!----><span class=\"h-svg-icon h-icon__icon style-435-icon style-local-1605-c20-icon\"><!--Icon by Icons8 Line Awesome (https:\/\/icons8.com\/line-awesome)--><svg version=\"1.1\" xmlns=\"http:\/\/www.w3.org\/2000\/svg\" xmlns:xlink=\"http:\/\/www.w3.org\/1999\/xlink\" id=\"envelope\" viewBox=\"0 0 512 545.5\"><path d=\"M48 160h416v288H48V160zm69 32l139 92.5L395 192H117zm-37 14v210h352V206L265 317.5l-9 5.5-9-5.5z\"><\/path><\/svg><\/span><\/div>\n              <div\n                data-colibri-id=\"1605-c21\" class=\"h-global-transition-all h-heading style-436 style-local-1605-c21 position-relative h-element\">\n                <!---->\n                <div class=\"h-heading__outer style-436 style-local-1605-c21\">\n                  <!---->\n                  <!---->\n                  <h4 class=\"\">E-Mail<\/h4>\n                <\/div>\n            <\/div>\n            <div data-colibri-id=\"1605-c22\" class=\"h-divider style-437 style-local-1605-c22 position-relative h-element\">\n              <!----><span class=\"h-divider__line style-437-line style-local-1605-c22-line style-437-line style-local-1605-c22-line\"><\/span><\/div>\n            <div data-colibri-id=\"1605-c23\" class=\"h-text h-text-component style-440 style-local-1605-c23 position-relative h-element\">\n              <!---->\n              <!---->\n              <div class=\"\">\n                <p>info@therapieplus-salzburg.at<\/p>\n              <\/div>\n            <\/div>\n          <\/div>\n        <\/div>\n      <\/div>\n      <div class=\"h-column h-column-container d-flex h-col-lg-4 h-col-md-3 h-col-12 style-434-outer style-local-1605-c24-outer\">\n        <div data-colibri-id=\"1605-c24\" class=\"d-flex h-flex-basis h-column__inner h-px-lg-0 h-px-md-0 h-px-0 v-inner-lg-0 v-inner-md-0 v-inner-0 style-434 style-local-1605-c24 position-relative\">\n          <!---->\n          <!---->\n          <div class=\"w-100 h-y-container h-column__content h-column__v-align flex-basis-100 align-self-lg-start align-self-md-start align-self-start\">\n            <!---->\n            <div data-colibri-id=\"1605-c25\" class=\"h-icon style-435 style-local-1605-c25 position-relative h-element\">\n              <!----><span class=\"h-svg-icon h-icon__icon style-435-icon style-local-1605-c25-icon\"><!--Icon by Icons8 Line Awesome (https:\/\/icons8.com\/line-awesome)--><svg version=\"1.1\" xmlns=\"http:\/\/www.w3.org\/2000\/svg\" xmlns:xlink=\"http:\/\/www.w3.org\/1999\/xlink\" id=\"phone\" viewBox=\"0 0 512 545.5\"><path d=\"M138.5 80c8.375 0 16.656 3.024 23.5 8.5l1 .5.5.5 64 66 1.5 1.5-.5.5c14.174 13.212 13.968 35.53.5 49l-32 32c4.92 11.277 18.33 40.02 44.5 65 26.358 25.16 53.932 39.467 65.5 45l31.5-31.5.5-.5c13.28-13.28 36.72-13.28 50 0l.5 1 65 65c13.28 13.28 13.28 36.22 0 49.5L405 481.5l-.5.5-.5.5c-15.01 12.867-36.04 17.486-55.5 11h-.5c-37.55-14.693-113.51-48.01-181.5-116C98.773 309.773 64.052 234.84 50.5 196c-.035-.1.034-.4 0-.5-6.703-18.434-1.915-39.738 13.5-54l-.5-.5 50-51.5.5-.5 1-.5c6.844-5.476 15.125-8.5 23.5-8.5zm0 32c-1.172 0-2.344.575-3.5 1.5L86.5 163l-.5.5-.5.5c-5.674 4.863-7.44 14.493-5 21 12.12 34.847 45.2 106.7 108.5 170 62.784 62.784 133.224 93.76 169.5 108 9.34 3.113 17.11 1.833 24.5-4.5l49-49c2.72-2.72 2.72-1.78 0-4.5l-65.5-65.5c-2.72-2.72-2.28-2.72-5 0l-40 40-7.5 7.5-10-4.5s-43.83-18.552-81-52.5l-3.5-3c-38.595-36.84-57-86-57-86l-3.5-10 7.5-7 40-40c1.966-1.966.874-3.6 1-3.5l-.5-.5-1-1-64-65.5c-1.156-.925-2.328-1.5-3.5-1.5z\"><\/path><\/svg><\/span><\/div>\n            <div\n              data-colibri-id=\"1605-c26\" class=\"h-global-transition-all h-heading style-436 style-local-1605-c26 position-relative h-element\">\n              <!---->\n              <div class=\"h-heading__outer style-436 style-local-1605-c26\">\n                <!---->\n                <!---->\n                <h4 class=\"\">Telefon<\/h4>\n              <\/div>\n          <\/div>\n          <div data-colibri-id=\"1605-c27\" class=\"h-divider style-437 style-local-1605-c27 position-relative h-element\">\n            <!----><span class=\"h-divider__line style-437-line style-local-1605-c27-line style-437-line style-local-1605-c27-line\"><\/span><\/div>\n          <div data-colibri-id=\"1605-c28\" class=\"h-text h-text-component style-440 style-local-1605-c28 position-relative h-element\">\n            <!---->\n            <!---->\n            <div class=\"\">\n              <p>&nbsp;tel. +43 662 908383\n                <br>fax. +43 662 908383-5301<\/p>\n            <\/div>\n          <\/div>\n        <\/div>\n      <\/div>\n    <\/div>\n  <\/div>\n<\/div>\n<div data-colibri-id=\"1605-c29\" class=\"h-row-container gutters-row-lg-2 gutters-row-md-2 gutters-row-2 gutters-row-v-lg-3 gutters-row-v-md-3 gutters-row-v-2 style-441 style-local-1605-c29 position-relative\">\n  <!---->\n  <div class=\"h-row justify-content-lg-center justify-content-md-center justify-content-center align-items-lg-stretch align-items-md-stretch align-items-stretch gutters-col-lg-2 gutters-col-md-2 gutters-col-2 gutters-col-v-lg-3 gutters-col-v-md-3 gutters-col-v-2\">\n    <!---->\n    <div class=\"h-column h-column-container d-flex h-col-lg-auto h-col-md-auto h-col-auto style-442-outer style-local-1605-c30-outer\">\n      <div data-colibri-id=\"1605-c30\" class=\"d-flex h-flex-basis h-column__inner h-px-lg-0 h-px-md-0 h-px-0 v-inner-lg-0 v-inner-md-0 v-inner-0 style-442 style-local-1605-c30 position-relative\">\n        <!---->\n        <!---->\n        <div class=\"w-100 h-y-container h-column__content h-column__v-align flex-basis-100 align-self-lg-start align-self-md-start align-self-start\">\n          <!---->\n          <div data-colibri-id=\"1605-c31\" class=\"h-global-transition-all h-heading style-445 style-local-1605-c31 position-relative h-element\">\n            <!---->\n            <div class=\"h-heading__outer style-445 style-local-1605-c31\">\n              <!---->\n              <!---->\n              <h4 class=\"\">Anfahrt<\/h4>\n            <\/div>\n          <\/div>\n          <div data-colibri-id=\"1605-c32\" class=\"h-text h-text-component style-444 style-local-1605-c32 position-relative h-element\">\n            <!---->\n            <!---->\n            <div class=\"\">\n              <p>Bus: Linien 6, 7, 10 (Haltestelle: Volksgarten)\n                <br>Auto: Drei Parkpl\u00e4tze sind vor der Praxis vorhanden. Zus\u00e4tzliche Parkm\u00f6glichkeiten sind direkt in der&nbsp;Mildenburggasse (Kurzparkzone, Parkscheibe notwendig)<\/p>\n            <\/div>\n          <\/div>\n        <\/div>\n      <\/div>\n    <\/div>\n  <\/div>\n<\/div>\n<\/div>\n<\/div>\n<div data-colibri-component=\"section\" data-colibri-id=\"1605-c33\" id=\"content-2\" class=\"h-section h-section-global-spacing d-flex align-items-lg-center align-items-md-center align-items-center style-524 style-local-1605-c33 position-relative\">\n  <!---->\n  <!---->\n  <div class=\"h-section-grid-container h-section-boxed-container\">\n    <!---->\n    <div data-colibri-id=\"1605-c34\" class=\"h-row-container gutters-row-lg-0 gutters-row-md-0 gutters-row-2 gutters-row-v-lg-0 gutters-row-v-md-0 gutters-row-v-0 style-525 style-local-1605-c34 position-relative\">\n      <!---->\n      <div class=\"h-row justify-content-lg-center justify-content-md-center justify-content-center align-items-lg-center align-items-md-center align-items-center gutters-col-lg-0 gutters-col-md-0 gutters-col-2 gutters-col-v-lg-0 gutters-col-v-md-0 gutters-col-v-0\">\n        <!---->\n        <div class=\"h-column h-column-container d-flex h-col-lg-auto h-col-md-auto h-col-auto align-self-lg-center align-self-md-center align-self-center style-531-outer style-local-1605-c37-outer\">\n          <div data-colibri-id=\"1605-c37\" class=\"d-flex h-flex-basis h-column__inner h-px-lg-3 h-px-md-0 h-px-0 v-inner-lg-3 v-inner-md-0 v-inner-0 style-531 style-local-1605-c37 position-relative\">\n            <!---->\n            <!---->\n            <div class=\"w-100 h-y-container h-column__content h-column__v-align flex-basis-100 align-self-lg-center align-self-md-center align-self-center\">\n              <!---->\n              <div data-colibri-id=\"1605-c38\" class=\"h-global-transition-all h-heading style-532 style-local-1605-c38 position-relative h-element\">\n                <!---->\n                <div class=\"h-heading__outer style-532 style-local-1605-c38\">\n                  <!---->\n                  <!---->\n                  <h4 class=\"\">Mitgliedschaft Verb\u00e4nde<\/h4>\n                <\/div>\n              <\/div>\n            <\/div>\n          <\/div>\n        <\/div>\n        <div class=\"h-column h-column-container d-flex h-col-lg-auto h-col-md-auto h-col-auto align-self-lg-center align-self-md-center align-self-center style-526-outer style-local-1605-c35-outer\">\n          <div data-colibri-id=\"1605-c35\" class=\"d-flex h-flex-basis h-column__inner h-px-lg-0 h-px-md-0 h-px-0 v-inner-lg-0 v-inner-md-0 v-inner-0 style-526 style-local-1605-c35 position-relative\">\n            <!---->\n            <!---->\n            <div class=\"w-100 h-y-container h-column__content h-column__v-align flex-basis-100 align-self-lg-center align-self-md-center align-self-center\">\n              <!---->\n              <div data-colibri-id=\"1605-c36\" class=\"h-text h-text-component style-530 style-local-1605-c36 position-relative h-element\">\n                <!---->\n                <!---->\n                <div class=\"\">\n                  <ul>\n                    <li>Mitglied bei Physio Austria \u201e\n                      <a href=\"https:\/\/cf-physiotherapie.at\/www.physioaustria.at\" style=\"color: rgb(156, 163, 150);\" target=\"_blank\">Bundesverband der PhysiotherapeutInnen \u00d6sterreichs<\/a>\n                      <a href=\"https:\/\/cf-physiotherapie.at\/www.physioaustria.at\" target=\"_blank\">.<\/a>\u201c\n                      <br>\n                      <br>\n                    <\/li>\n                    <li>Mitglied bei Physio Salzburg\n                      <br>\u201e\n                      <a href=\"https:\/\/cf-physiotherapie.at\/www.physiosalzburg.at\" style=\"color: rgb(156, 163, 150);\" target=\"_blank\">Verband der Freiberuflichen PhysiotherapeutInnen Salzburg<\/a>\n                      <a href=\"https:\/\/cf-physiotherapie.at\/www.physiosalzburg.at\" target=\"_blank\">.<\/a>\u201c\n                      <br>\n                      <br>\n                    <\/li>\n                    <li>Mitglied der &#8220;\n                      <a href=\"https:\/\/cf-physiotherapie.at\/www.oego.org\" style=\"color: rgb(156, 163, 150);\" target=\"_blank\">\u00d6sterreichischen Gesellschaft f\u00fcr Osteopathie<\/a>&#8220; (OEGO)<\/li>\n                  <\/ul>\n                  <p>\n                    <br>\n                  <\/p>\n                <\/div>\n              <\/div>\n            <\/div>\n          <\/div>\n        <\/div>\n        <div class=\"h-column h-column-container d-flex h-col-lg-auto h-col-md-auto h-col-auto align-self-lg-center align-self-md-center align-self-center style-534-outer style-local-1605-c39-outer\">\n          <div data-colibri-id=\"1605-c39\" class=\"d-flex h-flex-basis h-column__inner h-px-lg-0 h-px-md-0 h-px-0 v-inner-lg-0 v-inner-md-0 v-inner-0 style-534 style-local-1605-c39 position-relative\">\n            <!---->\n            <!---->\n            <div class=\"w-100 h-y-container h-column__content h-column__v-align flex-basis-100 align-self-lg-center align-self-md-center align-self-center\">\n              <!---->\n              <div data-colibri-id=\"1605-c40\" class=\"d-block style-535 style-local-1605-c40 position-relative h-element\">\n                <!---->\n                <div class=\"h-image__frame-container-outer\">\n                  <div class=\"h-image__frame-container\">\n                    <!---->\n                    <!---->\n                    <img loading=\"lazy\" decoding=\"async\" width=\"1364\" height=\"1364\" src=\"http:\/\/cf-physiotherapie.at\/wp-content\/uploads\/2022\/09\/cropped-PhysioCarina-163.jpg\" class=\"wp-image-2323 style-535-image style-local-1605-c40-image\" alt=\"\" srcset=\"https:\/\/cf-physiotherapie.at\/wp-content\/uploads\/2022\/09\/cropped-PhysioCarina-163.jpg 1364w, https:\/\/cf-physiotherapie.at\/wp-content\/uploads\/2022\/09\/cropped-PhysioCarina-163-300x300.jpg 300w, https:\/\/cf-physiotherapie.at\/wp-content\/uploads\/2022\/09\/cropped-PhysioCarina-163-1024x1024.jpg 1024w, https:\/\/cf-physiotherapie.at\/wp-content\/uploads\/2022\/09\/cropped-PhysioCarina-163-150x150.jpg 150w, https:\/\/cf-physiotherapie.at\/wp-content\/uploads\/2022\/09\/cropped-PhysioCarina-163-768x768.jpg 768w\" sizes=\"auto, (max-width: 1364px) 100vw, 1364px\" \/>\n                    <div class=\"h-image__frame h-hide-lg h-hide-md h-hide-sm style-535-frameImage style-local-1605-c40-frameImage\"><\/div>\n                  <\/div>\n                <\/div>\n              <\/div>\n            <\/div>\n          <\/div>\n        <\/div>\n      <\/div>\n    <\/div>\n  <\/div>\n<\/div>\n<\/div>","protected":false},"excerpt":{"rendered":"<p>Allgemeine Informationen: Wahltherapeutin aller Kassen Rechnungen k\u00f6nnen nach Bezahlung beim jeweiligen Sozialversicherungstr\u00e4ger eingereicht werden f\u00fcr anteilige R\u00fcckverg\u00fctung Termin\u00e4nderungen bzw. Absagen bis 48 Stunden vor den jeweiligen Terminen sind kostenfrei Zur ersten Therapieeinheit bitte mitbringen: Verordnungsschein Aktuelle Befunde (sofern vorhanden) Ein Leintuch, sowie Handtuch stelle ich zur Verf\u00fcgung Praxis THERAPIE+ Mildenburggasse 6a 5020 Salzburg E-Mail info@therapieplus-salzburg.at [&hellip;]<\/p>\n","protected":false},"author":3,"featured_media":0,"parent":0,"menu_order":0,"comment_status":"closed","ping_status":"closed","template":"page-templates\/full-width-page.php","meta":{"footnotes":""},"class_list":["post-1605","page","type-page","status-publish","hentry"],"_links":{"self":[{"href":"https:\/\/cf-physiotherapie.at\/index.php?rest_route=\/wp\/v2\/pages\/1605","targetHints":{"allow":["GET"]}}],"collection":[{"href":"https:\/\/cf-physiotherapie.at\/index.php?rest_route=\/wp\/v2\/pages"}],"about":[{"href":"https:\/\/cf-physiotherapie.at\/index.php?rest_route=\/wp\/v2\/types\/page"}],"author":[{"embeddable":true,"href":"https:\/\/cf-physiotherapie.at\/index.php?rest_route=\/wp\/v2\/users\/3"}],"replies":[{"embeddable":true,"href":"https:\/\/cf-physiotherapie.at\/index.php?rest_route=%2Fwp%2Fv2%2Fcomments&post=1605"}],"version-history":[{"count":20,"href":"https:\/\/cf-physiotherapie.at\/index.php?rest_route=\/wp\/v2\/pages\/1605\/revisions"}],"predecessor-version":[{"id":2496,"href":"https:\/\/cf-physiotherapie.at\/index.php?rest_route=\/wp\/v2\/pages\/1605\/revisions\/2496"}],"wp:attachment":[{"href":"https:\/\/cf-physiotherapie.at\/index.php?rest_route=%2Fwp%2Fv2%2Fmedia&parent=1605"}],"curies":[{"name":"wp","href":"https:\/\/api.w.org\/{rel}","templated":true}]}}