{"id":1606,"date":"2022-11-22T12:17:30","date_gmt":"2022-11-22T11:17:30","guid":{"rendered":"http:\/\/cf-physiotherapie.at\/?page_id=1606"},"modified":"2025-07-14T10:11:59","modified_gmt":"2025-07-14T08:11:59","slug":"ueber-mich","status":"publish","type":"page","link":"https:\/\/cf-physiotherapie.at\/?page_id=1606","title":{"rendered":"\u00dcber mich"},"content":{"rendered":"<div data-colibri-id=\"1606-c1\" class=\"style-378 style-local-1606-c1 position-relative\">\n  <!---->\n  <div data-colibri-component=\"section\" data-colibri-id=\"1606-c2\" id=\"custom\" class=\"h-section h-section-global-spacing d-flex align-items-lg-center align-items-md-center align-items-center style-380 style-local-1606-c2 position-relative\">\n    <!---->\n    <!---->\n    <div class=\"h-section-grid-container h-section-boxed-container\">\n      <!---->\n      <div data-colibri-id=\"1606-c3\" class=\"h-row-container gutters-row-lg-2 gutters-row-md-2 gutters-row-0 gutters-row-v-lg-2 gutters-row-v-md-2 gutters-row-v-2 style-381 style-local-1606-c3 position-relative\">\n        <!---->\n        <div class=\"h-row justify-content-lg-center justify-content-md-center justify-content-center align-items-lg-stretch align-items-md-stretch align-items-stretch gutters-col-lg-2 gutters-col-md-2 gutters-col-0 gutters-col-v-lg-2 gutters-col-v-md-2 gutters-col-v-2\">\n          <!---->\n          <div class=\"h-column h-column-container d-flex h-col-lg-auto h-col-md-auto h-col-auto style-382-outer style-local-1606-c4-outer\">\n            <div data-colibri-id=\"1606-c4\" class=\"d-flex h-flex-basis h-column__inner h-px-lg-2 h-px-md-2 h-px-2 v-inner-lg-2 v-inner-md-2 v-inner-2 style-382 style-local-1606-c4 position-relative\">\n              <!---->\n              <!---->\n              <div class=\"w-100 h-y-container h-column__content h-column__v-align flex-basis-100 align-self-lg-start align-self-md-start align-self-start\">\n                <!---->\n                <div data-colibri-id=\"1606-c5\" class=\"h-global-transition-all h-heading style-383 style-local-1606-c5 position-relative h-element\">\n                  <!---->\n                  <div class=\"h-heading__outer style-383 style-local-1606-c5\">\n                    <!---->\n                    <!---->\n                    <h2 class=\"\">\u201eWenn wir jedem Menschen die richtige Dosis an Nahrung, Bewegung und Entspannung geben k\u00f6nnten, nicht zu viel und nicht zu wenig, h\u00e4tten wir den besten Weg zur Gesundheit gefunden.&#8220; &#8211; Hippocrates.<\/h2>\n                  <\/div>\n                <\/div>\n              <\/div>\n            <\/div>\n          <\/div>\n        <\/div>\n      <\/div>\n    <\/div>\n  <\/div>\n  <div data-colibri-component=\"section\" data-colibri-id=\"1606-c6\" id=\"about\" class=\"h-section h-section-global-spacing d-flex align-items-lg-center align-items-md-center align-items-center style-384 style-local-1606-c6 position-relative\">\n    <!---->\n    <!---->\n    <div class=\"h-section-grid-container h-section-boxed-container\">\n      <!---->\n      <div data-colibri-id=\"1606-c7\" class=\"h-row-container gutters-row-lg-0 gutters-row-md-0 gutters-row-0 gutters-row-v-lg-0 gutters-row-v-md-0 gutters-row-v-0 style-385 style-local-1606-c7 position-relative\">\n        <!---->\n        <div class=\"h-row justify-content-lg-center justify-content-md-center justify-content-center align-items-lg-stretch align-items-md-stretch align-items-stretch gutters-col-lg-0 gutters-col-md-0 gutters-col-0 gutters-col-v-lg-0 gutters-col-v-md-0 gutters-col-v-0\">\n          <!---->\n          <div class=\"h-column h-column-container d-flex h-col-lg-auto h-col-md-auto h-col-auto style-386-outer style-local-1606-c8-outer\">\n            <div data-colibri-id=\"1606-c8\" class=\"d-flex h-flex-basis h-column__inner h-px-lg-0 h-px-md-0 h-px-0 v-inner-lg-0 v-inner-md-0 v-inner-0 style-386 style-local-1606-c8 position-relative\">\n              <!---->\n              <!---->\n              <div class=\"w-100 h-y-container h-column__content h-column__v-align flex-basis-100 align-self-lg-center align-self-md-center align-self-center\">\n                <!---->\n                <div data-colibri-id=\"1606-c9\" class=\"h-global-transition-all h-heading style-387 style-local-1606-c9 position-relative h-element\">\n                  <!---->\n                  <div class=\"h-heading__outer style-387 style-local-1606-c9\">\n                    <!---->\n                    <!---->\n                    <h3 class=\"\">Carina Fr\u00fchwirth, BSc, D.O.<\/h3>\n                  <\/div>\n                <\/div>\n              <\/div>\n            <\/div>\n          <\/div>\n          <div class=\"h-column h-column-container d-flex h-col-lg-auto h-col-md-auto h-col-auto style-390-outer style-local-1606-c10-outer\">\n            <div data-colibri-id=\"1606-c10\" class=\"d-flex h-flex-basis h-column__inner h-ui-empty-state-container h-px-lg-2 h-px-md-2 h-px-2 v-inner-lg-2 v-inner-md-2 v-inner-2 style-390 style-local-1606-c10 position-relative\">\n              <!---->\n              <!---->\n              <div class=\"w-100 h-y-container h-column__content h-column__v-align flex-basis-100\">\n                <!---->\n              <\/div>\n            <\/div>\n          <\/div>\n        <\/div>\n      <\/div>\n    <\/div>\n  <\/div>\n  <div data-colibri-component=\"section\" data-colibri-id=\"1606-c11\" id=\"custom-2\" class=\"h-section h-section-global-spacing d-flex align-items-lg-center align-items-md-center align-items-center style-406 style-local-1606-c11 position-relative\">\n    <!---->\n    <!---->\n    <div class=\"h-section-grid-container h-section-boxed-container\">\n      <!---->\n      <div data-colibri-id=\"1606-c12\" class=\"h-row-container gutters-row-lg-2 gutters-row-md-2 gutters-row-0 gutters-row-v-lg-2 gutters-row-v-md-2 gutters-row-v-2 style-407 style-local-1606-c12 position-relative\">\n        <!---->\n        <div class=\"h-row justify-content-lg-center justify-content-md-center justify-content-center align-items-lg-stretch align-items-md-stretch align-items-stretch gutters-col-lg-2 gutters-col-md-2 gutters-col-0 gutters-col-v-lg-2 gutters-col-v-md-2 gutters-col-v-2\">\n          <!---->\n          <div class=\"h-column h-column-container d-flex h-col-lg-auto h-col-md-auto h-col-auto style-408-outer style-local-1606-c13-outer\">\n            <div data-colibri-id=\"1606-c13\" class=\"d-flex h-flex-basis h-column__inner h-px-lg-2 h-px-md-2 h-px-2 v-inner-lg-2 v-inner-md-2 v-inner-2 style-408 style-local-1606-c13 position-relative\">\n              <!---->\n              <!---->\n              <div class=\"w-100 h-y-container h-column__content h-column__v-align flex-basis-100 align-self-lg-start align-self-md-start align-self-start\">\n                <!---->\n                <div data-colibri-id=\"1606-c14\" class=\"h-global-transition-all h-heading style-410 style-local-1606-c14 position-relative h-element\">\n                  <!---->\n                  <div class=\"h-heading__outer style-410 style-local-1606-c14\">\n                    <!---->\n                    <!---->\n                    <h3 class=\"\">Ausbildung &amp; Beruflicher Werdegang<\/h3>\n                  <\/div>\n                <\/div>\n              <\/div>\n            <\/div>\n          <\/div>\n          <div class=\"h-column h-column-container d-flex h-col-lg-auto h-col-md-auto h-col-auto style-409-outer style-local-1606-c15-outer\">\n            <div data-colibri-id=\"1606-c15\" class=\"d-flex h-flex-basis h-column__inner h-px-lg-2 h-px-md-2 h-px-2 v-inner-lg-2 v-inner-md-2 v-inner-2 style-409 style-local-1606-c15 position-relative\">\n              <!---->\n              <!---->\n              <div class=\"w-100 h-y-container h-column__content h-column__v-align flex-basis-100 align-self-lg-start align-self-md-start align-self-start\">\n                <!---->\n                <div data-colibri-id=\"1606-c16\" class=\"h-text h-text-component style-411 style-local-1606-c16 position-relative h-element\">\n                  <!---->\n                  <!---->\n                  <div class=\"\">\n                    <ul>\n                      <li>2024\/2025 Universit\u00e4tslehrgang Sportphysiotherapie (SPT)\n                        <br>\n                      <\/li>\n                      <li>2023 Intensivkurs: Schwindel-, Tinnitus-, Kopfschmerz-, &amp; Migr\u00e4netherapie<\/li>\n                      <li>2023 Praxisworkshop: Arbeiten mit faszialen Werkzeugen im Spitzensport<\/li>\n                      <li>2021 Schulterkurs Rotatorenmanschette<\/li>\n                      <li><strong>2018-2019&nbsp;Sportosteopathieausbildung in Hamburg, Zertifizierungspr\u00fcfung (OSD)<\/strong><\/li>\n                      <li><strong>2011-2017 Internationale Akademie f\u00fcr Osteopathie (IAO) in Wien, Diplompr\u00fcfung<\/strong><\/li>\n                      <li>2014 Fasziendistorsionsmodell nach Typaldos M1<\/li>\n                      <li>2013 Narbentherapie nach B\u00f6ger, Basisseminar<\/li>\n                      <li>2011 Kinesiotapekurs<\/li>\n                      <li><strong>2008-2011 Bachelorstudium Physiotherapie an der Fachhochschule Salzburg<\/strong><\/li>\n                    <\/ul>\n                    <p>\n                      <br>\n                    <\/p>\n                  <\/div>\n                <\/div>\n                <div data-colibri-id=\"1606-c17\" class=\"h-text h-text-component style-411 style-local-1606-c17 position-relative h-element\">\n                  <!---->\n                  <!---->\n                  <div class=\"\">\n                    <ul>\n                      <li>2022 Physiotherapeutin bei den Olympischen Winterspielen in Peking, Sparte Eiskunstlauf<\/li>\n                      <li>seit 2016 physiotherapeutische Betreuung des Nationalteams im Eiskunstlauf (WM, EM)<\/li>\n                      <li>seit 2015 freiberufliche T\u00e4tigkeit bei therapie+<\/li>\n                      <li>2018-2020 physiotherapeutische Betreuung des Nationalteams der Damen im Kunstturnen (WM, EM, Nationalkadertrainingslager)<\/li>\n                      <li>2011 -2021 Physiotherapeutin im UKH Salzburg (Ambulanz, Station, Intensivstation)<\/li>\n                      <li>bis 2011 aktive Leistungssportlerin im Synchroneiskunstlauf-Nationalteam \u00d6sterreich <\/li>\n                    <\/ul>\n                    <p>\n                      <br>\n                    <\/p>\n                  <\/div>\n                <\/div>\n              <\/div>\n            <\/div>\n          <\/div>\n        <\/div>\n      <\/div>\n    <\/div>\n  <\/div>\n  <div data-colibri-component=\"section\" data-colibri-id=\"1606-c18\" id=\"photo-gallery\" class=\"h-section h-section-global-spacing d-flex align-items-lg-center align-items-md-center align-items-center style-414 style-local-1606-c18 position-relative\">\n    <!---->\n    <!---->\n    <div class=\"h-section-grid-container h-section-fluid-container\">\n      <!---->\n      <div data-colibri-id=\"1606-c19\" class=\"h-row-container gutters-row-lg-0 gutters-row-md-0 gutters-row-0 gutters-row-v-lg-0 gutters-row-v-md-0 gutters-row-v-0 style-415 style-local-1606-c19 position-relative\">\n        <!---->\n        <div class=\"h-row justify-content-lg-center justify-content-md-center justify-content-center align-items-lg-stretch align-items-md-stretch align-items-stretch gutters-col-lg-0 gutters-col-md-0 gutters-col-0 gutters-col-v-lg-0 gutters-col-v-md-0 gutters-col-v-0\">\n          <!---->\n          <div class=\"h-column h-column-container d-flex h-col-lg-auto h-col-md-auto h-col-auto style-416-outer style-local-1606-c20-outer\">\n            <div data-colibri-id=\"1606-c20\" class=\"d-flex h-flex-basis h-column__inner h-px-lg-0 h-px-md-0 h-px-0 v-inner-lg-0 v-inner-md-0 v-inner-0 style-416 style-local-1606-c20 position-relative\">\n              <!---->\n              <!---->\n              <div class=\"w-100 h-y-container h-column__content h-column__v-align flex-basis-100 align-self-lg-start align-self-md-start align-self-start\">\n                <!---->\n                <div data-colibri-component=\"\" data-colibri-id=\"1606-c21\" class=\"h-photo-gallery margin-none caption-none style-417 style-local-1606-c21 position-relative h-element\">\n                  <!---->\n                  <div class=\"h-global-transition-all\"><div id='colibri-1606-c21' class='gallery-wrapper'>    <style type=\"text\/css\">\n\n        @media (min-width: 1023px) {        #colibri-1606-c21        dl {\n            float: left;\n            width: 33.3333333333% !important;\n            max-width: 33.3333333333% !important;\n            min-width: 33.3333333333% !important;\n        }\n\n        #colibri-1606-c21        dl:nth-of-type(3n +1 ) {\n            clear: both;\n        }\n\n        }@media (min-width: 768px) and (max-width: 1023px) {        #colibri-1606-c21        dl {\n            float: left;\n            width: 33.3333333333% !important;\n            max-width: 33.3333333333% !important;\n            min-width: 33.3333333333% !important;\n        }\n\n        #colibri-1606-c21        dl:nth-of-type(3n +1 ) {\n            clear: both;\n        }\n\n        }@media (max-width: 767px) {        #colibri-1606-c21        dl {\n            float: left;\n            width: 50% !important;\n            max-width: 50% !important;\n            min-width: 50% !important;\n        }\n\n        #colibri-1606-c21        dl:nth-of-type(2n +1 ) {\n            clear: both;\n        }\n\n        }\n        #colibri-1606-c21        .gallery-item {\n            position: relative;\n        }\n\n        \n    <\/style>\n    <div   class='colibri-1606-c21-dls-wrapper gallery-items-wrapper' ><dl class='gallery-item masonry-item'>\n\t\t\t<dt class='gallery-icon landscape'>\n\t\t\t\t<img loading=\"lazy\" decoding=\"async\"  width=\"300\" height=\"200\" src=\"https:\/\/cf-physiotherapie.at\/wp-content\/uploads\/2022\/11\/Carina-012-300x200.jpg\"  class='colibri-1606-c21-image' alt=\"\" srcset=\"https:\/\/cf-physiotherapie.at\/wp-content\/uploads\/2022\/11\/Carina-012-300x200.jpg 300w, https:\/\/cf-physiotherapie.at\/wp-content\/uploads\/2022\/11\/Carina-012-1024x682.jpg 1024w, https:\/\/cf-physiotherapie.at\/wp-content\/uploads\/2022\/11\/Carina-012-768x512.jpg 768w, https:\/\/cf-physiotherapie.at\/wp-content\/uploads\/2022\/11\/Carina-012-1536x1024.jpg 1536w, https:\/\/cf-physiotherapie.at\/wp-content\/uploads\/2022\/11\/Carina-012.jpg 2000w\" sizes=\"auto, (max-width: 300px) 100vw, 300px\" \/>\n\t\t\t<\/dt><\/dl><dl class='gallery-item masonry-item'>\n\t\t\t<dt class='gallery-icon landscape'>\n\t\t\t\t<img loading=\"lazy\" decoding=\"async\"  width=\"300\" height=\"201\" src=\"https:\/\/cf-physiotherapie.at\/wp-content\/uploads\/2022\/11\/cropped-cropped-Carina-051-1-300x201.jpg\"  class='colibri-1606-c21-image' alt=\"\" srcset=\"https:\/\/cf-physiotherapie.at\/wp-content\/uploads\/2022\/11\/cropped-cropped-Carina-051-1-300x201.jpg 300w, https:\/\/cf-physiotherapie.at\/wp-content\/uploads\/2022\/11\/cropped-cropped-Carina-051-1-1024x687.jpg 1024w, https:\/\/cf-physiotherapie.at\/wp-content\/uploads\/2022\/11\/cropped-cropped-Carina-051-1-768x515.jpg 768w, https:\/\/cf-physiotherapie.at\/wp-content\/uploads\/2022\/11\/cropped-cropped-Carina-051-1-1536x1030.jpg 1536w, https:\/\/cf-physiotherapie.at\/wp-content\/uploads\/2022\/11\/cropped-cropped-Carina-051-1.jpg 1988w\" sizes=\"auto, (max-width: 300px) 100vw, 300px\" \/>\n\t\t\t<\/dt><\/dl><dl class='gallery-item masonry-item'>\n\t\t\t<dt class='gallery-icon landscape'>\n\t\t\t\t<img loading=\"lazy\" decoding=\"async\"  width=\"300\" height=\"200\" src=\"https:\/\/cf-physiotherapie.at\/wp-content\/uploads\/2024\/06\/cropped-PhysioCarina-098-300x200.jpg\"  class='colibri-1606-c21-image' alt=\"\" srcset=\"https:\/\/cf-physiotherapie.at\/wp-content\/uploads\/2024\/06\/cropped-PhysioCarina-098-300x200.jpg 300w, https:\/\/cf-physiotherapie.at\/wp-content\/uploads\/2024\/06\/cropped-PhysioCarina-098-1024x683.jpg 1024w, https:\/\/cf-physiotherapie.at\/wp-content\/uploads\/2024\/06\/cropped-PhysioCarina-098-768x512.jpg 768w, https:\/\/cf-physiotherapie.at\/wp-content\/uploads\/2024\/06\/cropped-PhysioCarina-098-1536x1024.jpg 1536w, https:\/\/cf-physiotherapie.at\/wp-content\/uploads\/2024\/06\/cropped-PhysioCarina-098.jpg 2048w\" sizes=\"auto, (max-width: 300px) 100vw, 300px\" \/>\n\t\t\t<\/dt><\/dl><dl class='gallery-item masonry-item'>\n\t\t\t<dt class='gallery-icon landscape'>\n\t\t\t\t<img loading=\"lazy\" decoding=\"async\"  width=\"300\" height=\"200\" src=\"https:\/\/cf-physiotherapie.at\/wp-content\/uploads\/2024\/09\/Carina-7-300x200.jpg\"  class='colibri-1606-c21-image' alt=\"\" srcset=\"https:\/\/cf-physiotherapie.at\/wp-content\/uploads\/2024\/09\/Carina-7-300x200.jpg 300w, https:\/\/cf-physiotherapie.at\/wp-content\/uploads\/2024\/09\/Carina-7-1024x682.jpg 1024w, https:\/\/cf-physiotherapie.at\/wp-content\/uploads\/2024\/09\/Carina-7-768x512.jpg 768w, https:\/\/cf-physiotherapie.at\/wp-content\/uploads\/2024\/09\/Carina-7-1536x1024.jpg 1536w, https:\/\/cf-physiotherapie.at\/wp-content\/uploads\/2024\/09\/Carina-7.jpg 2000w\" sizes=\"auto, (max-width: 300px) 100vw, 300px\" \/>\n\t\t\t<\/dt><\/dl><dl class='gallery-item masonry-item'>\n\t\t\t<dt class='gallery-icon landscape'>\n\t\t\t\t<img loading=\"lazy\" decoding=\"async\"  width=\"300\" height=\"200\" src=\"https:\/\/cf-physiotherapie.at\/wp-content\/uploads\/2024\/09\/cropped-Carina-6-300x200.jpg\"  class='colibri-1606-c21-image' alt=\"\" srcset=\"https:\/\/cf-physiotherapie.at\/wp-content\/uploads\/2024\/09\/cropped-Carina-6-300x200.jpg 300w, https:\/\/cf-physiotherapie.at\/wp-content\/uploads\/2024\/09\/cropped-Carina-6-1024x682.jpg 1024w, https:\/\/cf-physiotherapie.at\/wp-content\/uploads\/2024\/09\/cropped-Carina-6-768x511.jpg 768w, https:\/\/cf-physiotherapie.at\/wp-content\/uploads\/2024\/09\/cropped-Carina-6-1536x1023.jpg 1536w, https:\/\/cf-physiotherapie.at\/wp-content\/uploads\/2024\/09\/cropped-Carina-6.jpg 2000w\" sizes=\"auto, (max-width: 300px) 100vw, 300px\" \/>\n\t\t\t<\/dt><\/dl><dl class='gallery-item masonry-item'>\n\t\t\t<dt class='gallery-icon landscape'>\n\t\t\t\t<img loading=\"lazy\" decoding=\"async\"  width=\"300\" height=\"200\" src=\"https:\/\/cf-physiotherapie.at\/wp-content\/uploads\/2024\/09\/Carina-5-300x200.jpg\"  class='colibri-1606-c21-image' alt=\"\" srcset=\"https:\/\/cf-physiotherapie.at\/wp-content\/uploads\/2024\/09\/Carina-5-300x200.jpg 300w, https:\/\/cf-physiotherapie.at\/wp-content\/uploads\/2024\/09\/Carina-5-1024x682.jpg 1024w, https:\/\/cf-physiotherapie.at\/wp-content\/uploads\/2024\/09\/Carina-5-768x512.jpg 768w, https:\/\/cf-physiotherapie.at\/wp-content\/uploads\/2024\/09\/Carina-5-1536x1024.jpg 1536w, https:\/\/cf-physiotherapie.at\/wp-content\/uploads\/2024\/09\/Carina-5.jpg 2000w\" sizes=\"auto, (max-width: 300px) 100vw, 300px\" \/>\n\t\t\t<\/dt><\/dl>\n\t\t\t\n\t\t<\/div>\n<style>#colibri-1606-c21 .wp-caption-text.gallery-caption{display:none;}<\/style><\/div><\/div>\n                <\/div>\n              <\/div>\n            <\/div>\n          <\/div>\n        <\/div>\n      <\/div>\n    <\/div>\n  <\/div>\n<\/div>","protected":false},"excerpt":{"rendered":"<p>\u201eWenn wir jedem Menschen die richtige Dosis an Nahrung, Bewegung und Entspannung geben k\u00f6nnten, nicht zu viel und nicht zu wenig, h\u00e4tten wir den besten Weg zur Gesundheit gefunden.&#8220; &#8211; Hippocrates. Carina Fr\u00fchwirth, BSc, D.O. Ausbildung &amp; Beruflicher Werdegang 2024\/2025 Universit\u00e4tslehrgang Sportphysiotherapie (SPT) 2023 Intensivkurs: Schwindel-, Tinnitus-, Kopfschmerz-, &amp; Migr\u00e4netherapie 2023 Praxisworkshop: Arbeiten mit faszialen [&hellip;]<\/p>\n","protected":false},"author":3,"featured_media":0,"parent":0,"menu_order":0,"comment_status":"closed","ping_status":"closed","template":"page-templates\/full-width-page.php","meta":{"footnotes":""},"class_list":["post-1606","page","type-page","status-publish","hentry"],"_links":{"self":[{"href":"https:\/\/cf-physiotherapie.at\/index.php?rest_route=\/wp\/v2\/pages\/1606","targetHints":{"allow":["GET"]}}],"collection":[{"href":"https:\/\/cf-physiotherapie.at\/index.php?rest_route=\/wp\/v2\/pages"}],"about":[{"href":"https:\/\/cf-physiotherapie.at\/index.php?rest_route=\/wp\/v2\/types\/page"}],"author":[{"embeddable":true,"href":"https:\/\/cf-physiotherapie.at\/index.php?rest_route=\/wp\/v2\/users\/3"}],"replies":[{"embeddable":true,"href":"https:\/\/cf-physiotherapie.at\/index.php?rest_route=%2Fwp%2Fv2%2Fcomments&post=1606"}],"version-history":[{"count":20,"href":"https:\/\/cf-physiotherapie.at\/index.php?rest_route=\/wp\/v2\/pages\/1606\/revisions"}],"predecessor-version":[{"id":2531,"href":"https:\/\/cf-physiotherapie.at\/index.php?rest_route=\/wp\/v2\/pages\/1606\/revisions\/2531"}],"wp:attachment":[{"href":"https:\/\/cf-physiotherapie.at\/index.php?rest_route=%2Fwp%2Fv2%2Fmedia&parent=1606"}],"curies":[{"name":"wp","href":"https:\/\/api.w.org\/{rel}","templated":true}]}}